{"id":104,"date":"2026-04-02T08:56:37","date_gmt":"2026-04-02T08:56:37","guid":{"rendered":"https:\/\/dnidanetarik.com\/dnidanetarik\/?page_id=104"},"modified":"2026-04-07T08:06:00","modified_gmt":"2026-04-07T08:06:00","slug":"presentation","status":"publish","type":"page","link":"https:\/\/dnidanetarik.com\/dnidanetarik\/index.php\/presentation\/","title":{"rendered":"Pr\u00e9sentation"},"content":{"rendered":"\t\t<div data-elementor-type=\"wp-page\" data-elementor-id=\"104\" class=\"elementor elementor-104\">\n\t\t\t\t<div class=\"elementor-element elementor-element-9587c2b e-flex e-con-boxed e-con e-parent\" data-id=\"9587c2b\" data-element_type=\"container\" data-e-type=\"container\" data-settings=\"{&quot;background_background&quot;:&quot;classic&quot;}\">\n\t\t\t\t\t<div class=\"e-con-inner\">\n\t\t\t\t<div class=\"elementor-element elementor-element-0348bb6 elementor-widget elementor-widget-heading\" data-id=\"0348bb6\" data-element_type=\"widget\" data-e-type=\"widget\" data-widget_type=\"heading.default\">\n\t\t\t\t\t<h2 class=\"elementor-heading-title elementor-size-default\">Pr\u00e9sentation<\/h2>\t\t\t\t<\/div>\n\t\t\t\t\t<\/div>\n\t\t\t\t<\/div>\n\t\t<div class=\"elementor-element elementor-element-cc40a5d e-flex e-con-boxed e-con e-parent\" data-id=\"cc40a5d\" data-element_type=\"container\" data-e-type=\"container\" data-settings=\"{&quot;background_background&quot;:&quot;classic&quot;}\">\n\t\t\t\t\t<div class=\"e-con-inner\">\n\t\t<div class=\"elementor-element elementor-element-1665ca5 e-con-full e-flex e-con e-child\" data-id=\"1665ca5\" data-element_type=\"container\" data-e-type=\"container\">\n\t\t\t\t<div class=\"elementor-element elementor-element-65d63fa elementor-widget elementor-widget-text-editor\" data-id=\"65d63fa\" data-element_type=\"widget\" data-e-type=\"widget\" data-widget_type=\"text-editor.default\">\n\t\t\t\t\t\t\t\t\t<p><b>Je m\u2019appelle Tarik Dnidane, j\u2019ai 22 ans et je suis \u00e9tudiant dans le secteur de la communication depuis septembre 2021.<\/b><\/p>\n<p><b>J\u2019ai d\u00e9but\u00e9 mon parcours par un Bachelor en Information et Communication au sein d\u2019une universit\u00e9 de technologie, avant de poursuivre aujourd\u2019hui mes \u00e9tudes en Master Communication et Marketing Digital \u00e0 l\u2019ISCOM Paris, que je termine actuellement.<\/b><\/p>\n<p><b>Depuis mon plus jeune \u00e2ge, je suis passionn\u00e9 par le num\u00e9rique, le digital et l\u2019audiovisuel. Ayant grandi avec YouTube, le cin\u00e9ma, les jeux vid\u00e9o et la musique, j\u2019ai tr\u00e8s t\u00f4t d\u00e9velopp\u00e9 un int\u00e9r\u00eat pour la cr\u00e9ation de contenus et la narration visuelle.<\/b><\/p>\n<p><b>Cette curiosit\u00e9 m\u2019a naturellement conduit vers les m\u00e9tiers de la communication, o\u00f9 se croisent strat\u00e9gie, cr\u00e9ation, technique et sens du message.<\/b><\/p>\n<p><b>Ce qui m\u2019anime avant tout, c\u2019est de comprendre comment naissent les projets :<\/b><\/p>\n<p><b>comment se construit une campagne publicitaire, comment se pense un contenu audiovisuel pour les r\u00e9seaux sociaux, comment se d\u00e9veloppe un site web ou une interface attractive et efficace.<\/b><\/p>\n<p><b>Mon objectif \u00e0 long terme est clair : allier mes passions personnelles \u00e0 mes comp\u00e9tences professionnelles, acquises au fil de mes stages, alternances et projets, afin de contribuer \u00e0 des p<\/b><span style=\"font-weight: 400;\">rojets porteurs de sens, cr\u00e9atifs et utiles<\/span><\/p>\t\t\t\t\t\t\t\t<\/div>\n\t\t\t\t<\/div>\n\t\t<div class=\"elementor-element elementor-element-41a03fe e-con-full e-flex e-con e-child\" data-id=\"41a03fe\" data-element_type=\"container\" data-e-type=\"container\">\n\t\t\t\t<div class=\"elementor-element elementor-element-792d08a elementor-widget elementor-widget-image\" data-id=\"792d08a\" data-element_type=\"widget\" data-e-type=\"widget\" data-widget_type=\"image.default\">\n\t\t\t\t\t\t\t\t\t\t\t\t\t\t\t<img fetchpriority=\"high\" decoding=\"async\" width=\"800\" height=\"800\" src=\"https:\/\/dnidanetarik.com\/dnidanetarik\/wp-content\/uploads\/2026\/04\/1729601440039.jpg\" class=\"attachment-large size-large wp-image-188\" alt=\"\" srcset=\"https:\/\/dnidanetarik.com\/dnidanetarik\/wp-content\/uploads\/2026\/04\/1729601440039.jpg 800w, https:\/\/dnidanetarik.com\/dnidanetarik\/wp-content\/uploads\/2026\/04\/1729601440039-300x300.jpg 300w, https:\/\/dnidanetarik.com\/dnidanetarik\/wp-content\/uploads\/2026\/04\/1729601440039-150x150.jpg 150w, https:\/\/dnidanetarik.com\/dnidanetarik\/wp-content\/uploads\/2026\/04\/1729601440039-768x768.jpg 768w\" sizes=\"(max-width: 800px) 100vw, 800px\" \/>\t\t\t\t\t\t\t\t\t\t\t\t\t\t\t<\/div>\n\t\t\t\t<\/div>\n\t\t\t\t\t<\/div>\n\t\t\t\t<\/div>\n\t\t<div class=\"elementor-element elementor-element-8711111 e-flex e-con-boxed e-con e-parent\" data-id=\"8711111\" data-element_type=\"container\" data-e-type=\"container\" data-settings=\"{&quot;background_background&quot;:&quot;classic&quot;}\">\n\t\t\t\t\t<div class=\"e-con-inner\">\n\t\t\t\t<div class=\"elementor-element elementor-element-409927a elementor-widget elementor-widget-spacer\" data-id=\"409927a\" data-element_type=\"widget\" data-e-type=\"widget\" data-widget_type=\"spacer.default\">\n\t\t\t\t\t\t\t<div class=\"elementor-spacer\">\n\t\t\t<div class=\"elementor-spacer-inner\"><\/div>\n\t\t<\/div>\n\t\t\t\t\t\t<\/div>\n\t\t\t\t\t<\/div>\n\t\t\t\t<\/div>\n\t\t\t\t<\/div>\n\t\t","protected":false},"excerpt":{"rendered":"<p>Pr\u00e9sentation Je m\u2019appelle Tarik Dnidane, j\u2019ai 22 ans et je suis \u00e9tudiant dans le secteur de la communication depuis septembre 2021. J\u2019ai d\u00e9but\u00e9 mon parcours par un Bachelor en Information et Communication au sein d\u2019une universit\u00e9 de technologie, avant de poursuivre aujourd\u2019hui mes \u00e9tudes en Master Communication et Marketing Digital \u00e0 l\u2019ISCOM Paris, que je [&hellip;]<\/p>\n","protected":false},"author":1,"featured_media":0,"parent":0,"menu_order":0,"comment_status":"closed","ping_status":"closed","template":"elementor_header_footer","meta":{"footnotes":""},"class_list":["post-104","page","type-page","status-publish","hentry"],"_links":{"self":[{"href":"https:\/\/dnidanetarik.com\/dnidanetarik\/index.php\/wp-json\/wp\/v2\/pages\/104","targetHints":{"allow":["GET"]}}],"collection":[{"href":"https:\/\/dnidanetarik.com\/dnidanetarik\/index.php\/wp-json\/wp\/v2\/pages"}],"about":[{"href":"https:\/\/dnidanetarik.com\/dnidanetarik\/index.php\/wp-json\/wp\/v2\/types\/page"}],"author":[{"embeddable":true,"href":"https:\/\/dnidanetarik.com\/dnidanetarik\/index.php\/wp-json\/wp\/v2\/users\/1"}],"replies":[{"embeddable":true,"href":"https:\/\/dnidanetarik.com\/dnidanetarik\/index.php\/wp-json\/wp\/v2\/comments?post=104"}],"version-history":[{"count":7,"href":"https:\/\/dnidanetarik.com\/dnidanetarik\/index.php\/wp-json\/wp\/v2\/pages\/104\/revisions"}],"predecessor-version":[{"id":192,"href":"https:\/\/dnidanetarik.com\/dnidanetarik\/index.php\/wp-json\/wp\/v2\/pages\/104\/revisions\/192"}],"wp:attachment":[{"href":"https:\/\/dnidanetarik.com\/dnidanetarik\/index.php\/wp-json\/wp\/v2\/media?parent=104"}],"curies":[{"name":"wp","href":"https:\/\/api.w.org\/{rel}","templated":true}]}}