{"id":95,"date":"2026-04-02T08:55:13","date_gmt":"2026-04-02T08:55:13","guid":{"rendered":"https:\/\/dnidanetarik.com\/dnidanetarik\/?page_id=95"},"modified":"2026-04-06T10:31:05","modified_gmt":"2026-04-06T10:31:05","slug":"accueil","status":"publish","type":"page","link":"https:\/\/dnidanetarik.com\/dnidanetarik\/","title":{"rendered":"Accueil"},"content":{"rendered":"\t\t<div data-elementor-type=\"wp-page\" data-elementor-id=\"95\" class=\"elementor elementor-95\">\n\t\t\t\t<div class=\"elementor-element elementor-element-ae979cd e-flex e-con-boxed e-con e-parent\" data-id=\"ae979cd\" data-element_type=\"container\" data-e-type=\"container\" data-settings=\"{&quot;background_background&quot;:&quot;video&quot;,&quot;background_video_link&quot;:&quot;https:\\\/\\\/youtu.be\\\/Nk0u_653SAg&quot;,&quot;background_video_start&quot;:120,&quot;background_video_end&quot;:200}\">\n\t\t\t\t\t<div class=\"e-con-inner\">\n\t\t<div class=\"elementor-background-video-container elementor-hidden-mobile\">\n\t\t\t\t\t\t\t<div class=\"elementor-background-video-embed\" role=\"presentation\"><\/div>\n\t\t\t\t\t\t<\/div>\t\t<div class=\"elementor-element elementor-element-221732a elementor-widget elementor-widget-premium-addon-title\" data-id=\"221732a\" data-element_type=\"widget\" data-e-type=\"widget\" data-widget_type=\"premium-addon-title.default\">\n\t\t\t\t\t\n\t\t<div class=\"premium-title-container style9\">\n\t\t\t<h1 class=\"premium-title-header premium-title-style9 premium-con-lq__\" data-blur-delay=\"10\">\n\t\t\t\t\n\t\t\t\t\n\t\t\t\t\t\t\t\t<span><span class=\"premium-title-style9-letter\" data-letter-index=\"1\" data-letter=\"B\">B<\/span><span class=\"premium-title-style9-letter\" data-letter-index=\"2\" data-letter=\"i\">i<\/span><span class=\"premium-title-style9-letter\" data-letter-index=\"3\" data-letter=\"e\">e<\/span><span class=\"premium-title-style9-letter\" data-letter-index=\"4\" data-letter=\"n\">n<\/span><span class=\"premium-title-style9-letter\" data-letter-index=\"5\" data-letter=\"v\">v<\/span><span class=\"premium-title-style9-letter\" data-letter-index=\"6\" data-letter=\"e\">e<\/span><span class=\"premium-title-style9-letter\" data-letter-index=\"7\" data-letter=\"n\">n<\/span><span class=\"premium-title-style9-letter\" data-letter-index=\"8\" data-letter=\"u\">u<\/span><span class=\"premium-title-style9-letter\" data-letter-index=\"9\" data-letter=\"e\">e<\/span><span class=\"premium-title-style9-letter\" data-letter-index=\"10\" data-letter=\" \"> <\/span><span class=\"premium-title-style9-letter\" data-letter-index=\"11\" data-letter=\"s\">s<\/span><span class=\"premium-title-style9-letter\" data-letter-index=\"12\" data-letter=\"u\">u<\/span><span class=\"premium-title-style9-letter\" data-letter-index=\"13\" data-letter=\"r\">r<\/span><span class=\"premium-title-style9-letter\" data-letter-index=\"14\" data-letter=\" \"> <\/span><span class=\"premium-title-style9-letter\" data-letter-index=\"15\" data-letter=\"m\">m<\/span><span class=\"premium-title-style9-letter\" data-letter-index=\"16\" data-letter=\"o\">o<\/span><span class=\"premium-title-style9-letter\" data-letter-index=\"17\" data-letter=\"n\">n<\/span><span class=\"premium-title-style9-letter\" data-letter-index=\"18\" data-letter=\" \"> <\/span><span class=\"premium-title-style9-letter\" data-letter-index=\"19\" data-letter=\"p\">p<\/span><span class=\"premium-title-style9-letter\" data-letter-index=\"20\" data-letter=\"o\">o<\/span><span class=\"premium-title-style9-letter\" data-letter-index=\"21\" data-letter=\"r\">r<\/span><span class=\"premium-title-style9-letter\" data-letter-index=\"22\" data-letter=\"t\">t<\/span><span class=\"premium-title-style9-letter\" data-letter-index=\"23\" data-letter=\"f\">f<\/span><span class=\"premium-title-style9-letter\" data-letter-index=\"24\" data-letter=\"o\">o<\/span><span class=\"premium-title-style9-letter\" data-letter-index=\"25\" data-letter=\"l\">l<\/span><span class=\"premium-title-style9-letter\" data-letter-index=\"26\" data-letter=\"i\">i<\/span><span class=\"premium-title-style9-letter\" data-letter-index=\"27\" data-letter=\"o\">o<\/span><\/span>\t\t\t\t\n\t\t\t\t\t\t\t\t\n\t\t\t\t\t\t\t<\/h1>\n\n\t\t<\/div>\n\n\t\t\t\t\t\t<\/div>\n\t\t\t\t\t<\/div>\n\t\t\t\t<\/div>\n\t\t<div class=\"elementor-element elementor-element-2f0eb6f e-flex e-con-boxed e-con e-parent\" data-id=\"2f0eb6f\" data-element_type=\"container\" data-e-type=\"container\" data-settings=\"{&quot;background_background&quot;:&quot;classic&quot;}\">\n\t\t\t\t\t<div class=\"e-con-inner\">\n\t\t<div class=\"elementor-element elementor-element-495bc51 e-con-full e-flex e-con e-child\" data-id=\"495bc51\" data-element_type=\"container\" data-e-type=\"container\" data-settings=\"{&quot;background_background&quot;:&quot;classic&quot;}\">\n\t\t\t\t<div class=\"elementor-element elementor-element-08b5fe1 elementor-widget elementor-widget-text-editor\" data-id=\"08b5fe1\" data-element_type=\"widget\" data-e-type=\"widget\" data-widget_type=\"text-editor.default\">\n\t\t\t\t\t\t\t\t\t<p><span style=\"font-weight: 400;\">Vous y d\u00e9couvrirez l\u2019ensemble de mes projets professionnels, personnels et associatifs, ainsi que les comp\u00e9tences que je d\u00e9veloppe dans le domaine de la communication, du digital et de l\u2019audiovisuel.<\/span><\/p>\t\t\t\t\t\t\t\t<\/div>\n\t\t\t\t<\/div>\n\t\t\t\t\t<\/div>\n\t\t\t\t<\/div>\n\t\t<div class=\"elementor-element elementor-element-397de7a e-flex e-con-boxed e-con e-parent\" data-id=\"397de7a\" data-element_type=\"container\" data-e-type=\"container\" data-settings=\"{&quot;background_background&quot;:&quot;classic&quot;}\">\n\t\t\t\t\t<div class=\"e-con-inner\">\n\t\t\t\t<div class=\"elementor-element elementor-element-d7b0e97 elementor-widget elementor-widget-heading\" data-id=\"d7b0e97\" data-element_type=\"widget\" data-e-type=\"widget\" data-widget_type=\"heading.default\">\n\t\t\t\t\t<h2 class=\"elementor-heading-title elementor-size-default\">\u00c0 travers ce site<\/h2>\t\t\t\t<\/div>\n\t\t\t\t<div class=\"elementor-element elementor-element-fc799e1 elementor-widget elementor-widget-text-editor\" data-id=\"fc799e1\" data-element_type=\"widget\" data-e-type=\"widget\" data-widget_type=\"text-editor.default\">\n\t\t\t\t\t\t\t\t\t<p><span style=\"font-weight: 400;\">Je pr\u00e9sente mon parcours, mes exp\u00e9riences et les r\u00e9alisations qui t\u00e9moignent de mon engagement, de ma cr\u00e9ativit\u00e9 et de mon int\u00e9r\u00eat pour les enjeux contemporains de la communication.<\/span><\/p>\t\t\t\t\t\t\t\t<\/div>\n\t\t\t\t\t<\/div>\n\t\t\t\t<\/div>\n\t\t<div class=\"elementor-element elementor-element-fb2c173 e-flex e-con-boxed e-con e-parent\" data-id=\"fb2c173\" data-element_type=\"container\" data-e-type=\"container\" data-settings=\"{&quot;background_background&quot;:&quot;classic&quot;}\">\n\t\t\t\t\t<div class=\"e-con-inner\">\n\t\t\t\t<div class=\"elementor-element elementor-element-4e33a69 elementor-widget elementor-widget-spacer\" data-id=\"4e33a69\" data-element_type=\"widget\" data-e-type=\"widget\" data-widget_type=\"spacer.default\">\n\t\t\t\t\t\t\t<div class=\"elementor-spacer\">\n\t\t\t<div class=\"elementor-spacer-inner\"><\/div>\n\t\t<\/div>\n\t\t\t\t\t\t<\/div>\n\t\t\t\t\t<\/div>\n\t\t\t\t<\/div>\n\t\t<div class=\"elementor-element elementor-element-7bb1980 e-flex e-con-boxed e-con e-parent\" data-id=\"7bb1980\" data-element_type=\"container\" data-e-type=\"container\" data-settings=\"{&quot;background_background&quot;:&quot;classic&quot;}\">\n\t\t\t\t\t<div class=\"e-con-inner\">\n\t\t<div class=\"elementor-element elementor-element-644b005 e-con-full e-flex e-con e-child\" data-id=\"644b005\" data-element_type=\"container\" data-e-type=\"container\">\n\t\t\t\t<div class=\"elementor-element elementor-element-b5e9797 elementor-widget elementor-widget-heading\" data-id=\"b5e9797\" data-element_type=\"widget\" data-e-type=\"widget\" data-widget_type=\"heading.default\">\n\t\t\t\t\t<h2 class=\"elementor-heading-title elementor-size-default\">Contact<\/h2>\t\t\t\t<\/div>\n\t\t\t\t<div class=\"elementor-element elementor-element-a4cec4c elementor-widget elementor-widget-text-editor\" data-id=\"a4cec4c\" data-element_type=\"widget\" data-e-type=\"widget\" data-widget_type=\"text-editor.default\">\n\t\t\t\t\t\t\t\t\t<p>Une question ? Veuillez remplir le formulaire de contact suivant.<\/p>\t\t\t\t\t\t\t\t<\/div>\n\t\t\t\t<\/div>\n\t\t<div class=\"elementor-element elementor-element-9dd61b7 e-con-full e-flex e-con e-child\" data-id=\"9dd61b7\" data-element_type=\"container\" data-e-type=\"container\">\n\t\t\t\t<div class=\"elementor-element elementor-element-9c18618 fluentform-widget-submit-button-custom elementor-widget elementor-widget-fluent-form-widget\" data-id=\"9c18618\" data-element_type=\"widget\" data-e-type=\"widget\" data-widget_type=\"fluent-form-widget.default\">\n\t\t\t\t<div class=\"elementor-widget-container\">\n\t\t\t\t\t\n            <div class=\"fluentform-widget-wrapper fluentform-widget-align-default\">\n\n            \n            <div class='fluentform ff-default fluentform_wrapper_4 ffs_default_wrap'><form data-form_id=\"4\" id=\"fluentform_4\" class=\"frm-fluent-form fluent_form_4 ff-el-form-top ff_form_instance_4_1 ff-form-loading ffs_default\" data-form_instance=\"ff_form_instance_4_1\" method=\"POST\" ><fieldset  style=\"border: none!important;margin: 0!important;padding: 0!important;background-color: transparent!important;box-shadow: none!important;outline: none!important; min-inline-size: 100%;\">\n                    <legend class=\"ff_screen_reader_title\" style=\"display: block; margin: 0!important;padding: 0!important;height: 0!important;text-indent: -999999px;width: 0!important;overflow:hidden;\">Contact Form Demo (#4)<\/legend><input type='hidden' name='__fluent_form_embded_post_id' value='95' \/><input type=\"hidden\" id=\"_fluentform_4_fluentformnonce\" name=\"_fluentform_4_fluentformnonce\" value=\"0d921bfdae\" \/><input type=\"hidden\" name=\"_wp_http_referer\" value=\"\/dnidanetarik\/index.php\/wp-json\/wp\/v2\/pages\/95\" \/><div data-type=\"name-element\" data-name=\"names\" class=\" ff-field_container ff-name-field-wrapper\" ><div class='ff-t-container'><div class='ff-t-cell '><div class='ff-el-group  ff-el-form-hide_label'><div class=\"ff-el-input--label asterisk-right\"><label for='ff_4_names_first_name_' id='label_ff_4_names_first_name_' >Nom<\/label><\/div><div class='ff-el-input--content'><input type=\"text\" name=\"names[first_name]\" id=\"ff_4_names_first_name_\" class=\"ff-el-form-control\" placeholder=\"Nom\" aria-invalid=\"false\" aria-required=false><\/div><\/div><\/div><div class='ff-t-cell '><div class='ff-el-group  ff-el-form-hide_label'><div class=\"ff-el-input--label asterisk-right\"><label for='ff_4_names_last_name_' id='label_ff_4_names_last_name_' >Pr\u00e9nom<\/label><\/div><div class='ff-el-input--content'><input type=\"text\" name=\"names[last_name]\" id=\"ff_4_names_last_name_\" class=\"ff-el-form-control\" placeholder=\"Pr\u00e9nom\" aria-invalid=\"false\" aria-required=false><\/div><\/div><\/div><\/div><\/div><div class='ff-el-group'><div class=\"ff-el-input--label ff-el-is-required asterisk-right\"><label for='ff_4_email' id='label_ff_4_email' aria-label=\"E-mail\">E-mail<\/label><\/div><div class='ff-el-input--content'><input type=\"email\" name=\"email\" id=\"ff_4_email\" class=\"ff-el-form-control\" placeholder=\"E-mail\" data-name=\"email\"  aria-invalid=\"false\" aria-required=true><\/div><\/div><div class='ff-el-group'><div class=\"ff-el-input--label asterisk-right\"><label for='ff_4_subject' id='label_ff_4_subject' aria-label=\"Sujet\">Sujet<\/label><\/div><div class='ff-el-input--content'><input type=\"text\" name=\"subject\" class=\"ff-el-form-control\" placeholder=\"Sujet\" data-name=\"subject\" id=\"ff_4_subject\"  aria-invalid=\"false\" aria-required=false><\/div><\/div><div class='ff-el-group'><div class=\"ff-el-input--label ff-el-is-required asterisk-right\"><label for='ff_4_message' id='label_ff_4_message' aria-label=\"Ton message\">Ton message<\/label><\/div><div class='ff-el-input--content'><textarea aria-required=\"true\" aria-labelledby=\"label_ff_4_message\" name=\"message\" id=\"ff_4_message\" class=\"ff-el-form-control\" placeholder=\"Ton message\" rows=\"4\" cols=\"2\" data-name=\"message\" ><\/textarea><\/div><\/div><div class='ff-el-group ff-text-center ff_submit_btn_wrapper'><button type=\"submit\" class=\"ff-btn ff-btn-submit ff-btn-md ff_btn_style\"  aria-label=\"Envoyer\">Envoyer<\/button><\/div><\/fieldset><\/form><div id='fluentform_4_errors' class='ff-errors-in-stack ff_form_instance_4_1 ff-form-loading_errors ff_form_instance_4_1_errors'><\/div><\/div>            <script type=\"text\/javascript\">\n                window.fluent_form_ff_form_instance_4_1 = {\"id\":\"4\",\"settings\":{\"layout\":{\"labelPlacement\":\"top\",\"asteriskPlacement\":\"asterisk-right\",\"helpMessagePlacement\":\"with_label\",\"errorMessagePlacement\":\"inline\",\"cssClassName\":\"\"},\"restrictions\":{\"denyEmptySubmission\":{\"enabled\":false}}},\"form_instance\":\"ff_form_instance_4_1\",\"form_id_selector\":\"fluentform_4\",\"rules\":{\"names[first_name]\":{\"required\":{\"value\":false,\"message\":\"This field is required\",\"global\":true,\"global_message\":\"This field is required\"}},\"names[middle_name]\":{\"required\":{\"value\":false,\"message\":\"This field is required\",\"global\":true,\"global_message\":\"This field is required\"}},\"names[last_name]\":{\"required\":{\"value\":false,\"message\":\"This field is required\",\"global\":true,\"global_message\":\"This field is required\"}},\"email\":{\"required\":{\"value\":true,\"message\":\"This field is required\",\"global\":true,\"global_message\":\"This field is required\"},\"email\":{\"value\":true,\"message\":\"This field must contain a valid email\",\"global\":true,\"global_message\":\"This field must contain a valid email\"}},\"subject\":{\"required\":{\"value\":false,\"message\":\"This field is required\",\"global\":true,\"global_message\":\"This field is required\"}},\"message\":{\"required\":{\"value\":true,\"message\":\"This field is required\",\"global\":true,\"global_message\":\"This field is required\"}}},\"debounce_time\":300};\n                            <\/script>\n                        <\/div>\n\n            \t\t\t\t<\/div>\n\t\t\t\t<\/div>\n\t\t\t\t<\/div>\n\t\t\t\t\t<\/div>\n\t\t\t\t<\/div>\n\t\t\t\t<\/div>\n\t\t","protected":false},"excerpt":{"rendered":"<p>Bienvenue sur mon portfolio Vous y d\u00e9couvrirez l\u2019ensemble de mes projets professionnels, personnels et associatifs, ainsi que les comp\u00e9tences que je d\u00e9veloppe dans le domaine de la communication, du digital et de l\u2019audiovisuel. \u00c0 travers ce site Je pr\u00e9sente mon parcours, mes exp\u00e9riences et les r\u00e9alisations qui t\u00e9moignent de mon engagement, de ma cr\u00e9ativit\u00e9 et [&hellip;]<\/p>\n","protected":false},"author":1,"featured_media":0,"parent":0,"menu_order":0,"comment_status":"closed","ping_status":"closed","template":"elementor_header_footer","meta":{"footnotes":""},"class_list":["post-95","page","type-page","status-publish","hentry"],"_links":{"self":[{"href":"https:\/\/dnidanetarik.com\/dnidanetarik\/index.php\/wp-json\/wp\/v2\/pages\/95","targetHints":{"allow":["GET"]}}],"collection":[{"href":"https:\/\/dnidanetarik.com\/dnidanetarik\/index.php\/wp-json\/wp\/v2\/pages"}],"about":[{"href":"https:\/\/dnidanetarik.com\/dnidanetarik\/index.php\/wp-json\/wp\/v2\/types\/page"}],"author":[{"embeddable":true,"href":"https:\/\/dnidanetarik.com\/dnidanetarik\/index.php\/wp-json\/wp\/v2\/users\/1"}],"replies":[{"embeddable":true,"href":"https:\/\/dnidanetarik.com\/dnidanetarik\/index.php\/wp-json\/wp\/v2\/comments?post=95"}],"version-history":[{"count":22,"href":"https:\/\/dnidanetarik.com\/dnidanetarik\/index.php\/wp-json\/wp\/v2\/pages\/95\/revisions"}],"predecessor-version":[{"id":171,"href":"https:\/\/dnidanetarik.com\/dnidanetarik\/index.php\/wp-json\/wp\/v2\/pages\/95\/revisions\/171"}],"wp:attachment":[{"href":"https:\/\/dnidanetarik.com\/dnidanetarik\/index.php\/wp-json\/wp\/v2\/media?parent=95"}],"curies":[{"name":"wp","href":"https:\/\/api.w.org\/{rel}","templated":true}]}}